{"id":2,"date":"2023-05-18T22:17:37","date_gmt":"2023-05-18T22:17:37","guid":{"rendered":"https:\/\/centrosanarte.cl\/?page_id=2"},"modified":"2023-05-28T23:39:09","modified_gmt":"2023-05-28T23:39:09","slug":"sample-page","status":"publish","type":"page","link":"https:\/\/centrosanarte.cl\/","title":{"rendered":"Centro  Sanarte"},"content":{"rendered":"\n<p>Hoy en Chile la acupuntura est\u00e1 regulada por el Minsal, por lo tanto los terapeutas deben rendir una prueba frente a este Ministerio para poder practicarla legalmente y puedan contar con las regulaciones sanitarias necesarias.<\/p>\n\n\n\n<blockquote class=\"wp-block-quote is-layout-flow wp-block-quote-is-layout-flow\">\n<p>  Aunque se origin\u00f3 hace miles de a\u00f1os y lleg\u00f3 a su madurez unos pocos a\u00f1os antes de Cristo, puede diagnosticar problemas de salud del siglo XXI, generados por problemas que est\u00e1n a a\u00f1os luz de la sociedad campesina en que se origin\u00f3 la medicina china. Desde luego, esta medicina lleva la huella cultural de la sociedad que la cre\u00f3, pero se adapt\u00f3 f\u00e1cilmente a la sociedad occidental.<\/p>\n<\/blockquote>\n\n\n\n<p>&#8230;<strong>\u00bfQu\u00e9 beneficio especial aporta la acupuntura?<\/strong><\/p>\n\n\n\n<blockquote class=\"wp-block-quote is-layout-flow wp-block-quote-is-layout-flow\">\n<p> Es de lo que se habla mucho en la actualidad, en realidad la acupuntura m\u00e1s que estar prohibida en algunos pacientes, el principal beneficio de esta t\u00e9cnica es que no tiene efectos secundarios a diferencia de diversos f\u00e1rmacos.<\/p>\n<\/blockquote>\n\n\n\n<p>  Los resultados deben ser inmediatos, en la primera sesi\u00f3n se espera que los pacientes reduzcan el dolor en un 50%. Si la patolog\u00eda es cr\u00f3nica o aguda, al paciente se le entrega un plan de tratamiento, cuando las patolog\u00edas cr\u00f3nicas llevan muchos a\u00f1os el tratamiento por supuesto tomar\u00e1 un poco m\u00e1s de tiempo.<\/p>\n","protected":false},"excerpt":{"rendered":"<p>Hoy en Chile la acupuntura est\u00e1 regulada por el Minsal, por lo tanto los terapeutas deben rendir una prueba frente a este Ministerio para poder practicarla legalmente y puedan contar con las regulaciones sanitarias necesarias. Aunque se origin\u00f3 hace miles de a\u00f1os y lleg\u00f3 a su madurez unos pocos a\u00f1os antes de Cristo, puede diagnosticar [&hellip;]<\/p>\n","protected":false},"author":1,"featured_media":36,"parent":0,"menu_order":0,"comment_status":"closed","ping_status":"open","template":"","meta":{"_themeisle_gutenberg_block_has_review":false,"footnotes":""},"class_list":["post-2","page","type-page","status-publish","has-post-thumbnail","hentry"],"_links":{"self":[{"href":"https:\/\/centrosanarte.cl\/index.php?rest_route=\/wp\/v2\/pages\/2","targetHints":{"allow":["GET"]}}],"collection":[{"href":"https:\/\/centrosanarte.cl\/index.php?rest_route=\/wp\/v2\/pages"}],"about":[{"href":"https:\/\/centrosanarte.cl\/index.php?rest_route=\/wp\/v2\/types\/page"}],"author":[{"embeddable":true,"href":"https:\/\/centrosanarte.cl\/index.php?rest_route=\/wp\/v2\/users\/1"}],"replies":[{"embeddable":true,"href":"https:\/\/centrosanarte.cl\/index.php?rest_route=%2Fwp%2Fv2%2Fcomments&post=2"}],"version-history":[{"count":6,"href":"https:\/\/centrosanarte.cl\/index.php?rest_route=\/wp\/v2\/pages\/2\/revisions"}],"predecessor-version":[{"id":139,"href":"https:\/\/centrosanarte.cl\/index.php?rest_route=\/wp\/v2\/pages\/2\/revisions\/139"}],"wp:featuredmedia":[{"embeddable":true,"href":"https:\/\/centrosanarte.cl\/index.php?rest_route=\/wp\/v2\/media\/36"}],"wp:attachment":[{"href":"https:\/\/centrosanarte.cl\/index.php?rest_route=%2Fwp%2Fv2%2Fmedia&parent=2"}],"curies":[{"name":"wp","href":"https:\/\/api.w.org\/{rel}","templated":true}]}}