{"id":16,"date":"2023-05-19T05:10:28","date_gmt":"2023-05-19T05:10:28","guid":{"rendered":"https:\/\/centrosanarte.cl\/?page_id=16"},"modified":"2023-07-26T23:15:41","modified_gmt":"2023-07-26T23:15:41","slug":"blog","status":"publish","type":"page","link":"https:\/\/centrosanarte.cl\/?page_id=16","title":{"rendered":"Qui\u00e9nes Somos"},"content":{"rendered":"\n<p> <p>Mi nombre es Mar\u00eda Antonieta Bruzzone P\u00e9rez, soy profesora de educaci\u00f3n f\u00edsica de profesi\u00f3n, sin embargo siempre me he sentido atra\u00edda por la medicina china, es por esto que comenc\u00e9 esta nueva etapa de vida , siempre apoyada por mis padres.<\/p>   <p>    Comenc\u00e9 mis estudios el 2018 al 2021 en la escuela de Medicina China cl\u00e1sica San Bao sede Vi\u00f1a del Mar y 2020 al 2022 Estudie Medicina China en Madrid Espa\u00f1a en la Escuela de Jason Smith. En diciembre del 2018 a febrero de 2019 realice la pasant\u00eda de estudios a la Universidad de Nanjing con pr\u00e1cticas realizadas en dos hospitales de Nanjing China<\/p>   <p>En diciembre del 2021 rend\u00ed el examen del ministerio de salud, el cual me da la acreditaci\u00f3n y reconocimiento para ejercer la medicina China \ud83c\udde8\ud83c\uddf3, logrando mi certificaci\u00f3n acreditada por el ministerio de salud del gobierno de chile, accediendo a poder por fin entregar un mejor bienestar a las personas que tanto lo necesitan, la maravillosa medicina china, que no trae consecuencias, mas bien solo bienestar y mejor calidad de vida. <\/p> <\/p>\n\n\n\n<figure class=\"wp-block-gallery has-nested-images columns-default is-cropped wp-block-gallery-1 is-layout-flex wp-block-gallery-is-layout-flex\">\n<figure class=\"wp-block-image size-large\"><img loading=\"lazy\" decoding=\"async\" width=\"1024\" height=\"738\" data-id=\"123\" src=\"https:\/\/centrosanarte.cl\/wp-content\/uploads\/2023\/05\/titulo-de-profesora-ef-1024x738.jpeg\" alt=\"\" class=\"wp-image-123\" srcset=\"https:\/\/centrosanarte.cl\/wp-content\/uploads\/2023\/05\/titulo-de-profesora-ef-1024x738.jpeg 1024w, https:\/\/centrosanarte.cl\/wp-content\/uploads\/2023\/05\/titulo-de-profesora-ef-300x216.jpeg 300w, https:\/\/centrosanarte.cl\/wp-content\/uploads\/2023\/05\/titulo-de-profesora-ef-768x554.jpeg 768w, https:\/\/centrosanarte.cl\/wp-content\/uploads\/2023\/05\/titulo-de-profesora-ef.jpeg 1032w\" sizes=\"auto, (max-width: 1024px) 100vw, 1024px\" \/><\/figure>\n\n\n\n<figure class=\"wp-block-image size-large\"><img loading=\"lazy\" decoding=\"async\" width=\"1024\" height=\"696\" data-id=\"106\" src=\"https:\/\/centrosanarte.cl\/wp-content\/uploads\/2023\/05\/diploma-San-Bao-1024x696.jpeg\" alt=\"\" class=\"wp-image-106\" srcset=\"https:\/\/centrosanarte.cl\/wp-content\/uploads\/2023\/05\/diploma-San-Bao-1024x696.jpeg 1024w, https:\/\/centrosanarte.cl\/wp-content\/uploads\/2023\/05\/diploma-San-Bao-300x204.jpeg 300w, https:\/\/centrosanarte.cl\/wp-content\/uploads\/2023\/05\/diploma-San-Bao-768x522.jpeg 768w, https:\/\/centrosanarte.cl\/wp-content\/uploads\/2023\/05\/diploma-San-Bao-1536x1044.jpeg 1536w, https:\/\/centrosanarte.cl\/wp-content\/uploads\/2023\/05\/diploma-San-Bao.jpeg 1600w\" sizes=\"auto, (max-width: 1024px) 100vw, 1024px\" \/><\/figure>\n\n\n\n<figure class=\"wp-block-image size-large\"><img loading=\"lazy\" decoding=\"async\" width=\"899\" height=\"806\" data-id=\"105\" src=\"https:\/\/centrosanarte.cl\/wp-content\/uploads\/2023\/05\/diploma-medicina-tradicional-china.jpeg\" alt=\"\" class=\"wp-image-105\" srcset=\"https:\/\/centrosanarte.cl\/wp-content\/uploads\/2023\/05\/diploma-medicina-tradicional-china.jpeg 899w, https:\/\/centrosanarte.cl\/wp-content\/uploads\/2023\/05\/diploma-medicina-tradicional-china-300x269.jpeg 300w, https:\/\/centrosanarte.cl\/wp-content\/uploads\/2023\/05\/diploma-medicina-tradicional-china-768x689.jpeg 768w\" sizes=\"auto, (max-width: 899px) 100vw, 899px\" \/><\/figure>\n\n\n\n<figure class=\"wp-block-image size-large\"><img loading=\"lazy\" decoding=\"async\" width=\"1024\" height=\"659\" data-id=\"103\" src=\"https:\/\/centrosanarte.cl\/wp-content\/uploads\/2023\/05\/certificado-nanjing-1024x659.jpg\" alt=\"\" class=\"wp-image-103\" srcset=\"https:\/\/centrosanarte.cl\/wp-content\/uploads\/2023\/05\/certificado-nanjing-1024x659.jpg 1024w, https:\/\/centrosanarte.cl\/wp-content\/uploads\/2023\/05\/certificado-nanjing-300x193.jpg 300w, https:\/\/centrosanarte.cl\/wp-content\/uploads\/2023\/05\/certificado-nanjing-768x494.jpg 768w, https:\/\/centrosanarte.cl\/wp-content\/uploads\/2023\/05\/certificado-nanjing.jpg 1118w\" sizes=\"auto, (max-width: 1024px) 100vw, 1024px\" \/><\/figure>\n\n\n\n<figure class=\"wp-block-image size-large\"><img loading=\"lazy\" decoding=\"async\" width=\"750\" height=\"1009\" data-id=\"102\" src=\"https:\/\/centrosanarte.cl\/wp-content\/uploads\/2023\/05\/certificado-de-egreso-San-Bao.jpeg\" alt=\"\" class=\"wp-image-102\" srcset=\"https:\/\/centrosanarte.cl\/wp-content\/uploads\/2023\/05\/certificado-de-egreso-San-Bao.jpeg 750w, https:\/\/centrosanarte.cl\/wp-content\/uploads\/2023\/05\/certificado-de-egreso-San-Bao-223x300.jpeg 223w\" sizes=\"auto, (max-width: 750px) 100vw, 750px\" \/><\/figure>\n\n\n\n<figure class=\"wp-block-image size-large\"><img loading=\"lazy\" decoding=\"async\" width=\"1024\" height=\"696\" data-id=\"55\" src=\"https:\/\/centrosanarte.cl\/wp-content\/uploads\/2023\/05\/WhatsApp-Image-2023-05-21-at-19.13.02-1024x696.jpeg\" alt=\"\" class=\"wp-image-55\" srcset=\"https:\/\/centrosanarte.cl\/wp-content\/uploads\/2023\/05\/WhatsApp-Image-2023-05-21-at-19.13.02-1024x696.jpeg 1024w, https:\/\/centrosanarte.cl\/wp-content\/uploads\/2023\/05\/WhatsApp-Image-2023-05-21-at-19.13.02-300x204.jpeg 300w, https:\/\/centrosanarte.cl\/wp-content\/uploads\/2023\/05\/WhatsApp-Image-2023-05-21-at-19.13.02-768x522.jpeg 768w, https:\/\/centrosanarte.cl\/wp-content\/uploads\/2023\/05\/WhatsApp-Image-2023-05-21-at-19.13.02-1536x1044.jpeg 1536w, https:\/\/centrosanarte.cl\/wp-content\/uploads\/2023\/05\/WhatsApp-Image-2023-05-21-at-19.13.02.jpeg 1600w\" sizes=\"auto, (max-width: 1024px) 100vw, 1024px\" \/><\/figure>\n\n\n\n<figure class=\"wp-block-image size-large\"><img loading=\"lazy\" decoding=\"async\" width=\"1020\" height=\"750\" data-id=\"104\" src=\"https:\/\/centrosanarte.cl\/wp-content\/uploads\/2023\/05\/diploma-educacuion-fisica-andres-bello.jpg\" alt=\"\" class=\"wp-image-104\" srcset=\"https:\/\/centrosanarte.cl\/wp-content\/uploads\/2023\/05\/diploma-educacuion-fisica-andres-bello.jpg 1020w, https:\/\/centrosanarte.cl\/wp-content\/uploads\/2023\/05\/diploma-educacuion-fisica-andres-bello-300x221.jpg 300w, https:\/\/centrosanarte.cl\/wp-content\/uploads\/2023\/05\/diploma-educacuion-fisica-andres-bello-768x565.jpg 768w\" sizes=\"auto, (max-width: 1020px) 100vw, 1020px\" \/><\/figure>\n\n\n\n<figure class=\"wp-block-image size-large\"><img loading=\"lazy\" decoding=\"async\" width=\"344\" height=\"470\" data-id=\"143\" src=\"https:\/\/centrosanarte.cl\/wp-content\/uploads\/2023\/05\/hospital-de-nanjin.jpg\" alt=\"\" class=\"wp-image-143\" srcset=\"https:\/\/centrosanarte.cl\/wp-content\/uploads\/2023\/05\/hospital-de-nanjin.jpg 344w, https:\/\/centrosanarte.cl\/wp-content\/uploads\/2023\/05\/hospital-de-nanjin-220x300.jpg 220w\" sizes=\"auto, (max-width: 344px) 100vw, 344px\" \/><\/figure>\n<\/figure>\n","protected":false},"excerpt":{"rendered":"<p>Mi nombre es Mar\u00eda Antonieta Bruzzone P\u00e9rez, soy profesora de educaci\u00f3n f\u00edsica de profesi\u00f3n, sin embargo siempre me he sentido atra\u00edda por la medicina china, es por esto que comenc\u00e9 esta nueva etapa de vida , siempre apoyada por mis padres. Comenc\u00e9 mis estudios el 2018 al 2021 en la escuela de Medicina China cl\u00e1sica [&hellip;]<\/p>\n","protected":false},"author":1,"featured_media":0,"parent":0,"menu_order":0,"comment_status":"closed","ping_status":"closed","template":"","meta":{"_themeisle_gutenberg_block_has_review":false,"footnotes":""},"class_list":["post-16","page","type-page","status-publish","hentry"],"_links":{"self":[{"href":"https:\/\/centrosanarte.cl\/index.php?rest_route=\/wp\/v2\/pages\/16","targetHints":{"allow":["GET"]}}],"collection":[{"href":"https:\/\/centrosanarte.cl\/index.php?rest_route=\/wp\/v2\/pages"}],"about":[{"href":"https:\/\/centrosanarte.cl\/index.php?rest_route=\/wp\/v2\/types\/page"}],"author":[{"embeddable":true,"href":"https:\/\/centrosanarte.cl\/index.php?rest_route=\/wp\/v2\/users\/1"}],"replies":[{"embeddable":true,"href":"https:\/\/centrosanarte.cl\/index.php?rest_route=%2Fwp%2Fv2%2Fcomments&post=16"}],"version-history":[{"count":3,"href":"https:\/\/centrosanarte.cl\/index.php?rest_route=\/wp\/v2\/pages\/16\/revisions"}],"predecessor-version":[{"id":280,"href":"https:\/\/centrosanarte.cl\/index.php?rest_route=\/wp\/v2\/pages\/16\/revisions\/280"}],"wp:attachment":[{"href":"https:\/\/centrosanarte.cl\/index.php?rest_route=%2Fwp%2Fv2%2Fmedia&parent=16"}],"curies":[{"name":"wp","href":"https:\/\/api.w.org\/{rel}","templated":true}]}}