{"id":14,"date":"2023-05-19T05:10:28","date_gmt":"2023-05-19T05:10:28","guid":{"rendered":"https:\/\/centrosanarte.cl\/?page_id=14"},"modified":"2023-05-23T04:46:05","modified_gmt":"2023-05-23T04:46:05","slug":"acerca-de","status":"publish","type":"page","link":"https:\/\/centrosanarte.cl\/?page_id=14","title":{"rendered":"Acerca de la Medicina China y sus T\u00e9cnicas"},"content":{"rendered":"\n<p><\/p>\n\n\n\n<h2 class=\"wp-block-heading\"><strong>Acupuntura<\/strong><\/h2>\n\n\n\n<p>Es una pr\u00e1ctica que implica estimular partes espec\u00edficas del cuerpo mediante la inserci\u00f3n de agujas muy finas.<br><\/p>\n\n\n\n<figure class=\"wp-block-image size-full\"><img loading=\"lazy\" decoding=\"async\" width=\"848\" height=\"565\" src=\"https:\/\/centrosanarte.cl\/wp-content\/uploads\/2023\/05\/Acupuncture_3-1.jpg\" alt=\"\" class=\"wp-image-42\" srcset=\"https:\/\/centrosanarte.cl\/wp-content\/uploads\/2023\/05\/Acupuncture_3-1.jpg 848w, https:\/\/centrosanarte.cl\/wp-content\/uploads\/2023\/05\/Acupuncture_3-1-300x200.jpg 300w, https:\/\/centrosanarte.cl\/wp-content\/uploads\/2023\/05\/Acupuncture_3-1-768x512.jpg 768w\" sizes=\"auto, (max-width: 848px) 100vw, 848px\" \/><\/figure>\n\n\n\n<h2 class=\"wp-block-heading\"><strong>Moxibusti\u00f3n<\/strong><\/h2>\n\n\n\n<p>Consiste en la estimulaci\u00f3n de un punto de acupuntura por medio<br>del calor. Se realiza con un puro de moxa, por una hierba llamada<br>Artemisa vulgaris.<br><\/p>\n\n\n\n<figure class=\"wp-block-image size-large\"><img loading=\"lazy\" decoding=\"async\" width=\"1024\" height=\"682\" src=\"https:\/\/centrosanarte.cl\/wp-content\/uploads\/2023\/05\/moxibustion-y-calor-1024x682.jpg\" alt=\"\" class=\"wp-image-112\" srcset=\"https:\/\/centrosanarte.cl\/wp-content\/uploads\/2023\/05\/moxibustion-y-calor-1024x682.jpg 1024w, https:\/\/centrosanarte.cl\/wp-content\/uploads\/2023\/05\/moxibustion-y-calor-300x200.jpg 300w, https:\/\/centrosanarte.cl\/wp-content\/uploads\/2023\/05\/moxibustion-y-calor-768x512.jpg 768w, https:\/\/centrosanarte.cl\/wp-content\/uploads\/2023\/05\/moxibustion-y-calor-1536x1023.jpg 1536w, https:\/\/centrosanarte.cl\/wp-content\/uploads\/2023\/05\/moxibustion-y-calor.jpg 1600w\" sizes=\"auto, (max-width: 1024px) 100vw, 1024px\" \/><\/figure>\n\n\n\n<h2 class=\"wp-block-heading\"><strong>Masaje Tuina<\/strong><\/h2>\n\n\n\n<p>Masaje medico de la medicina china, consiste en estimular puntos y canales de acupuntura mediante t\u00e9cnicas manuales de fricci\u00f3n, presi\u00f3n, rodar, empujar y agarrar. Regula Qi y Xue<\/p>\n\n\n\n<figure class=\"wp-block-image size-large\"><img loading=\"lazy\" decoding=\"async\" width=\"1024\" height=\"576\" src=\"https:\/\/centrosanarte.cl\/wp-content\/uploads\/2023\/05\/ayuda-a-regular-la-energia-vital-y-mejorar-el-funcionamiento-de-tendones-huesos-y-articulaciones-1024x576.jpg\" alt=\"\" class=\"wp-image-114\" srcset=\"https:\/\/centrosanarte.cl\/wp-content\/uploads\/2023\/05\/ayuda-a-regular-la-energia-vital-y-mejorar-el-funcionamiento-de-tendones-huesos-y-articulaciones-1024x576.jpg 1024w, https:\/\/centrosanarte.cl\/wp-content\/uploads\/2023\/05\/ayuda-a-regular-la-energia-vital-y-mejorar-el-funcionamiento-de-tendones-huesos-y-articulaciones-300x169.jpg 300w, https:\/\/centrosanarte.cl\/wp-content\/uploads\/2023\/05\/ayuda-a-regular-la-energia-vital-y-mejorar-el-funcionamiento-de-tendones-huesos-y-articulaciones-768x432.jpg 768w, https:\/\/centrosanarte.cl\/wp-content\/uploads\/2023\/05\/ayuda-a-regular-la-energia-vital-y-mejorar-el-funcionamiento-de-tendones-huesos-y-articulaciones.jpg 1280w\" sizes=\"auto, (max-width: 1024px) 100vw, 1024px\" \/><\/figure>\n\n\n\n<h2 class=\"wp-block-heading\"><strong>Ventosas<\/strong><\/h2>\n\n\n\n<p>Ayuda a mejorar la circulaci\u00f3n sangu\u00ednea en una regi\u00f3n del cuerpo, creando un efecto de vac\u00edo que succiona la piel, aumentando el di\u00e1metro de los vasos sangu\u00edneos de la regi\u00f3n<\/p>\n\n\n\n<figure class=\"wp-block-image size-large\"><img loading=\"lazy\" decoding=\"async\" width=\"1024\" height=\"684\" src=\"https:\/\/centrosanarte.cl\/wp-content\/uploads\/2023\/05\/ventosas-1024x684.jpeg\" alt=\"\" class=\"wp-image-115\" srcset=\"https:\/\/centrosanarte.cl\/wp-content\/uploads\/2023\/05\/ventosas-1024x684.jpeg 1024w, https:\/\/centrosanarte.cl\/wp-content\/uploads\/2023\/05\/ventosas-300x200.jpeg 300w, https:\/\/centrosanarte.cl\/wp-content\/uploads\/2023\/05\/ventosas-768x513.jpeg 768w, https:\/\/centrosanarte.cl\/wp-content\/uploads\/2023\/05\/ventosas.jpeg 1200w\" sizes=\"auto, (max-width: 1024px) 100vw, 1024px\" \/><\/figure>\n\n\n\n<h2 class=\"wp-block-heading\"><strong>Acupresi\u00f3n<\/strong><\/h2>\n\n\n\n<p>Utilizaci\u00f3n de manos o dedos para aplicar presi\u00f3n directa en puntos de acupuntura<\/p>\n\n\n\n<figure class=\"wp-block-image size-full\"><img loading=\"lazy\" decoding=\"async\" width=\"649\" height=\"434\" src=\"https:\/\/centrosanarte.cl\/wp-content\/uploads\/2023\/05\/acupresion.jpg\" alt=\"\" class=\"wp-image-116\" srcset=\"https:\/\/centrosanarte.cl\/wp-content\/uploads\/2023\/05\/acupresion.jpg 649w, https:\/\/centrosanarte.cl\/wp-content\/uploads\/2023\/05\/acupresion-300x201.jpg 300w\" sizes=\"auto, (max-width: 649px) 100vw, 649px\" \/><\/figure>\n\n\n\n<h2 class=\"wp-block-heading\"><strong>Fitoterapia<\/strong><\/h2>\n\n\n\n<p>Se estudia el uso de los productos vegetales con una finalidad terap\u00e9utica: aliviar los s\u00edntomas, prevenir enfermedad o restablecer el estado de salud.<\/p>\n\n\n\n<figure class=\"wp-block-image size-full\"><img loading=\"lazy\" decoding=\"async\" width=\"626\" height=\"416\" src=\"https:\/\/centrosanarte.cl\/wp-content\/uploads\/2023\/05\/fitoterapia.jpg\" alt=\"\" class=\"wp-image-117\" srcset=\"https:\/\/centrosanarte.cl\/wp-content\/uploads\/2023\/05\/fitoterapia.jpg 626w, https:\/\/centrosanarte.cl\/wp-content\/uploads\/2023\/05\/fitoterapia-300x199.jpg 300w\" sizes=\"auto, (max-width: 626px) 100vw, 626px\" \/><\/figure>\n\n\n\n<h2 class=\"wp-block-heading\"><strong>Dietoterapia<\/strong><\/h2>\n\n\n\n<p>La diet\u00e9tica china utiliza los sabores y la naturaleza de los alimentos como gu\u00eda para una alimentaci\u00f3n correctamente balanceada y personalizada<br><\/p>\n\n\n\n<figure class=\"wp-block-image size-large\"><img loading=\"lazy\" decoding=\"async\" width=\"1024\" height=\"641\" src=\"https:\/\/centrosanarte.cl\/wp-content\/uploads\/2023\/05\/dietoterapia-china-1024x641.jpg\" alt=\"\" class=\"wp-image-118\" srcset=\"https:\/\/centrosanarte.cl\/wp-content\/uploads\/2023\/05\/dietoterapia-china-1024x641.jpg 1024w, https:\/\/centrosanarte.cl\/wp-content\/uploads\/2023\/05\/dietoterapia-china-300x188.jpg 300w, https:\/\/centrosanarte.cl\/wp-content\/uploads\/2023\/05\/dietoterapia-china-768x481.jpg 768w, https:\/\/centrosanarte.cl\/wp-content\/uploads\/2023\/05\/dietoterapia-china.jpg 1226w\" sizes=\"auto, (max-width: 1024px) 100vw, 1024px\" \/><\/figure>\n\n\n\n<h2 class=\"wp-block-heading\"><strong>Electroacupuntura<\/strong><\/h2>\n\n\n\n<p>Terap\u00e9utica que estimula al paciente a trav\u00e9s de agujas conectadas por electrodos con aparatos especiales que env\u00edan pulsos el\u00e9ctricos<\/p>\n\n\n\n<figure class=\"wp-block-image size-full\"><img loading=\"lazy\" decoding=\"async\" width=\"760\" height=\"497\" src=\"https:\/\/centrosanarte.cl\/wp-content\/uploads\/2023\/05\/electroacupuntura.jpg\" alt=\"\" class=\"wp-image-119\" srcset=\"https:\/\/centrosanarte.cl\/wp-content\/uploads\/2023\/05\/electroacupuntura.jpg 760w, https:\/\/centrosanarte.cl\/wp-content\/uploads\/2023\/05\/electroacupuntura-300x196.jpg 300w\" sizes=\"auto, (max-width: 760px) 100vw, 760px\" \/><\/figure>\n\n\n\n<h2 class=\"wp-block-heading\"><strong>Agujas de Fuego<\/strong><\/h2>\n\n\n\n<p>soluci\u00f3n muy eficaz para los problemas de dolor agudo posterior a los traumatismos e incluso es utilizada para tratar problemas v\u00edricos como las verrugas o el herpes zoster, problemas dermatol\u00f3gicos como la psoriasis y el vit\u00edligo.<\/p>\n\n\n\n<figure class=\"wp-block-image size-full\"><img loading=\"lazy\" decoding=\"async\" width=\"626\" height=\"416\" src=\"https:\/\/centrosanarte.cl\/wp-content\/uploads\/2023\/05\/Agujas-de-fuego-3.jpg\" alt=\"\" class=\"wp-image-130\" srcset=\"https:\/\/centrosanarte.cl\/wp-content\/uploads\/2023\/05\/Agujas-de-fuego-3.jpg 626w, https:\/\/centrosanarte.cl\/wp-content\/uploads\/2023\/05\/Agujas-de-fuego-3-300x199.jpg 300w\" sizes=\"auto, (max-width: 626px) 100vw, 626px\" \/><\/figure>\n\n\n\n<p><\/p>\n","protected":false},"excerpt":{"rendered":"<p>Acupuntura Es una pr\u00e1ctica que implica estimular partes espec\u00edficas del cuerpo mediante la inserci\u00f3n de agujas muy finas. Moxibusti\u00f3n Consiste en la estimulaci\u00f3n de un punto de acupuntura por mediodel calor. Se realiza con un puro de moxa, por una hierba llamadaArtemisa vulgaris. Masaje Tuina Masaje medico de la medicina china, consiste en estimular puntos [&hellip;]<\/p>\n","protected":false},"author":1,"featured_media":0,"parent":0,"menu_order":0,"comment_status":"closed","ping_status":"closed","template":"","meta":{"_themeisle_gutenberg_block_has_review":false,"footnotes":""},"class_list":["post-14","page","type-page","status-publish","hentry"],"_links":{"self":[{"href":"https:\/\/centrosanarte.cl\/index.php?rest_route=\/wp\/v2\/pages\/14","targetHints":{"allow":["GET"]}}],"collection":[{"href":"https:\/\/centrosanarte.cl\/index.php?rest_route=\/wp\/v2\/pages"}],"about":[{"href":"https:\/\/centrosanarte.cl\/index.php?rest_route=\/wp\/v2\/types\/page"}],"author":[{"embeddable":true,"href":"https:\/\/centrosanarte.cl\/index.php?rest_route=\/wp\/v2\/users\/1"}],"replies":[{"embeddable":true,"href":"https:\/\/centrosanarte.cl\/index.php?rest_route=%2Fwp%2Fv2%2Fcomments&post=14"}],"version-history":[{"count":10,"href":"https:\/\/centrosanarte.cl\/index.php?rest_route=\/wp\/v2\/pages\/14\/revisions"}],"predecessor-version":[{"id":131,"href":"https:\/\/centrosanarte.cl\/index.php?rest_route=\/wp\/v2\/pages\/14\/revisions\/131"}],"wp:attachment":[{"href":"https:\/\/centrosanarte.cl\/index.php?rest_route=%2Fwp%2Fv2%2Fmedia&parent=14"}],"curies":[{"name":"wp","href":"https:\/\/api.w.org\/{rel}","templated":true}]}}